{"id":1407,"date":"2024-12-29T21:01:17","date_gmt":"2024-12-29T21:01:17","guid":{"rendered":"https:\/\/www.agatelielpetere.com\/latvijsko-siva\/"},"modified":"2025-07-17T19:38:37","modified_gmt":"2025-07-17T19:38:37","slug":"latvijsko-siva","status":"publish","type":"page","link":"https:\/\/www.agatelielpetere.com\/sl\/latvijsko-siva\/","title":{"rendered":"Latvijsko siva"},"content":{"rendered":"<div class=\"wpb-content-wrapper\"><p>[vc_row row_type=&#8221;row&#8221; use_row_as_full_screen_section=&#8221;no&#8221; type=&#8221;full_width&#8221; text_align=&#8221;left&#8221; background_animation=&#8221;none&#8221; padding_top=&#8221;100&#8243; padding_bottom=&#8221;20&#8243; css_animation=&#8221;&#8221;][vc_column][vc_column_text css=&#8221;&#8221;]<\/p>\n<div class=\"page\" title=\"Page 1\">\n<div class=\"section\">\n<div class=\"layoutArea\">\n<div class=\"column\">\n<h1 style=\"text-align: center;\">Latvijsko siva<\/h1>\n<\/div>\n<p><\/div>\n<p><\/div>\n<p><\/div>\n<p>[\/vc_column_text][\/vc_column][\/vc_row][vc_row row_type=&#8221;row&#8221; use_row_as_full_screen_section=&#8221;no&#8221; type=&#8221;full_width&#8221; text_align=&#8221;left&#8221; background_animation=&#8221;none&#8221; css_animation=&#8221;&#8221;][vc_column width=&#8221;1\/2&#8243;][vc_column_text css=&#8221;&#8221;]\u00bb[Latvijci] za opisovanje drug drugega pogosto uporabljamo epitet sivo latvijski. Ta besedna zveza ima negativno konotacijo, da naj bi bili Latvijci dolgo\u010dasni, nezanimivi in brez osebnosti. V jezikovnem smislu spominja na nomenklaturo binoma in skoraj napeljuje na misel, da smo posebna vrsta, lo\u010dena od vseh ostalih.<\/p>\n<p>Projekt je refleksija o tem pojavu in vabi ljudi, naj ga pripoznajo in sprejmejo, s tem pa se otresejo njegove negativne konotacije. S skoraj matemati\u010dnim pristopom analizira tipi\u010dno barvno shemo latvijske pokrajine in poka\u017ee, da na\u0161o identiteto dejansko lahko definira siva barva. Namen projekta je predstaviti objektivne argumente, ki podpirajo idejo, da je siva barva dejansko barvita\u00ab, pravi ustvarjalka.[\/vc_column_text][\/vc_column][vc_column width=&#8221;1\/2&#8243;][vc_column_text css=&#8221;&#8221;]Razstava zajema dvanajst shemati\u010dnih slik, ki prikazujejo panoramo Rige skozi \u010das, kar jih ume\u0161\u010da nekje med pokrajino in \u010dasovnostjo. Vsako sliko sestavlja petindvajset vodoravnih linij, ki predstavljajo povpre\u010dno barvo fotografij, ki jih vsako uro posname javna spletna kamera s pogledom na Rigo. Z analiziranjem te zbirke podatkov je umetnica izlu\u0161\u010dila spekter 300 podtonov, ki se lahko uporabijo za opredelitev \u00bblatvijsko sive\u00ab.<\/p>\n<p>Ustvarjalka sicer meni, da \u00bbne gre za slikarski projekt\u00ab, saj glavni cilj razstave niso slike same, ampak opredelitev razli\u010dice \u00bblatvijsko sive\u00ab in razkritje niansiranih odtenkov, ki sestavljajo njeno kompozicijo.[\/vc_column_text][\/vc_column][\/vc_row][vc_row row_type=&#8221;row&#8221; use_row_as_full_screen_section=&#8221;no&#8221; type=&#8221;full_width&#8221; text_align=&#8221;left&#8221; background_animation=&#8221;none&#8221; padding_bottom=&#8221;50&#8243; css_animation=&#8221;&#8221;][vc_column][vc_single_image image=&#8221;1200&#8243; img_size=&#8221;full&#8221; css=&#8221;&#8221; qode_css_animation=&#8221;&#8221;][vc_single_image image=&#8221;1202&#8243; img_size=&#8221;full&#8221; css=&#8221;&#8221; qode_css_animation=&#8221;&#8221;][vc_single_image image=&#8221;1198&#8243; img_size=&#8221;full&#8221; css=&#8221;&#8221; qode_css_animation=&#8221;&#8221;][vc_single_image image=&#8221;1206&#8243; img_size=&#8221;full&#8221; css=&#8221;&#8221; qode_css_animation=&#8221;&#8221;][vc_single_image image=&#8221;1199&#8243; img_size=&#8221;full&#8221; css=&#8221;&#8221; qode_css_animation=&#8221;&#8221;][vc_single_image image=&#8221;1195&#8243; img_size=&#8221;full&#8221; css=&#8221;&#8221; qode_css_animation=&#8221;&#8221;][vc_single_image image=&#8221;1205&#8243; img_size=&#8221;full&#8221; css=&#8221;&#8221; qode_css_animation=&#8221;&#8221;][vc_single_image image=&#8221;1207&#8243; img_size=&#8221;full&#8221; css=&#8221;&#8221; qode_css_animation=&#8221;&#8221;][vc_single_image image=&#8221;1197&#8243; img_size=&#8221;full&#8221; css=&#8221;&#8221; qode_css_animation=&#8221;&#8221;][vc_single_image image=&#8221;1193&#8243; img_size=&#8221;full&#8221; css=&#8221;&#8221; qode_css_animation=&#8221;&#8221;][\/vc_column][\/vc_row][vc_row row_type=&#8221;row&#8221; use_row_as_full_screen_section=&#8221;no&#8221; type=&#8221;full_width&#8221; text_align=&#8221;left&#8221; background_animation=&#8221;none&#8221; padding_top=&#8221;20&#8243; css_animation=&#8221;&#8221;][vc_column][vc_column_text css=&#8221;&#8221;]Serija 12 slik, akril na platnu, inkjet tisk na hrastovem lesu, 107 x 77 cm vsaka, 2022-2024;<br \/>Serija treh sitotiskov, 53 x 39 cm vsak, 2024;<br \/>Digitalni tisk, 4 x 20 cm, 2024;<br \/>Notranja barva na vodni osnovi, kovina, 10 x 15 cm, 2024.[\/vc_column_text][\/vc_column][\/vc_row][vc_row row_type=&#8221;row&#8221; use_row_as_full_screen_section=&#8221;no&#8221; type=&#8221;full_width&#8221; text_align=&#8221;left&#8221; background_animation=&#8221;none&#8221; padding_top=&#8221;50&#8243; css_animation=&#8221;&#8221;][vc_column][vc_column_text css=&#8221;&#8221;]<\/p>\n<div class=\"page\" title=\"Page 1\">\n<div class=\"section\">\n<div class=\"layoutArea\">\n<div class=\"column\">\n<p style=\"text-align: left;\">9. &#8211; 16. 1. 2025<br \/>\nDUM Projektni prostor, Kolodvorska 6, Ljubljana, Slovenia<br \/>\nFotografije: Andrej Peunik<br \/>\nS podporo: DUM \u2013 Dru\u0161tvo umetnikov, Mestna ob\u010dina Ljubljana, Zavod Poligon, AVA \u2013 Akademija za vizualno umetnost<\/p>\n<\/div>\n<p><\/div>\n<p><\/div>\n<p><\/div>\n<p>[\/vc_column_text][\/vc_column][\/vc_row][vc_row row_type=&#8221;row&#8221; use_row_as_full_screen_section=&#8221;no&#8221; type=&#8221;full_width&#8221; text_align=&#8221;left&#8221; background_animation=&#8221;none&#8221; padding_top=&#8221;20&#8243; css_animation=&#8221;&#8221;][vc_column][vc_column_text css=&#8221;&#8221;]Medijske objave:<br \/><a href=\"https:\/\/www.dnevnik.si\/kultura\/vizualna-umetnost\/barvitost-sive-identitete-2710918\/\" target=\"_blank\" rel=\"noopener\">Barvitost sive identitete<\/a>, Dnevnik, 9.1.2025<br \/><a href=\"https:\/\/www.rtvslo.si\/kultura\/razstave\/sivi-latvijec-pac-zakaj-se-siva-barva-povezuje-z-latvijsko-identiteto\/732837\" target=\"_blank\" rel=\"noopener\">&#8220;Sivi Latvijec, pa\u010d!&#8221;: Zakaj se siva barva povezuje z latvijsko identiteto?<\/a>, MMC RTVSLO, 9.1.2025<br \/><a href=\"https:\/\/ars.rtvslo.si\/podkast\/svet-kulture\/64838778\/175100147\" target=\"_blank\" rel=\"noopener\">Svet kulture: Nova razstava Latvijsko siva<\/a>, Radio Slovenia &#8211; ARS, 9.1.2025<br \/><a href=\"https:\/\/sta.si\/3380925\/pod-okriljem-dum-razstava-agate-lielpetere-o-latvijcem-pripisani-sivi-barvi?q=lielpeter\" target=\"_blank\" rel=\"noopener\">Pod okriljem DUM razstava Agate Lielpetere o Latvijcem pripisani sivi barvi<\/a>, STA, 9.1.2025<br \/><a href=\"https:\/\/ars.rtvslo.si\/podkast\/kulturna-panorama\/408\/175100602\" target=\"_blank\" rel=\"noopener\">Kulturna panorama<\/a> (35:38 <b>\u2192<\/b>), Radio Slovenia &#8211; ARS, 9.1.2025, 11.1.2025<br \/><a href=\"https:\/\/radiostudent.si\/kultura\/kulturni-obzornik\/siva-je-zanimiva\" target=\"_blank\" rel=\"noopener\">Kulturni obzornik &#8211; Siva je zanimiva<\/a>, Radio \u0160tudent, 17.1.2025<\/p>\n<p>[\/vc_column_text][\/vc_column][\/vc_row][vc_row row_type=&#8221;row&#8221; use_row_as_full_screen_section=&#8221;no&#8221; type=&#8221;full_width&#8221; text_align=&#8221;left&#8221; background_animation=&#8221;none&#8221; padding_top=&#8221;20&#8243; css_animation=&#8221;&#8221;][vc_column][vc_column_text css=&#8221;&#8221;]Na voljo\u00a0 \u2013 <a href=\"mailto:info@agatelielpetere.com\">info@agatelielpetere.com<\/a>[\/vc_column_text][\/vc_column][\/vc_row][vc_row row_type=&#8221;row&#8221; use_row_as_full_screen_section=&#8221;no&#8221; type=&#8221;full_width&#8221; text_align=&#8221;left&#8221; background_animation=&#8221;none&#8221; padding_top=&#8221;15&#8243; padding_bottom=&#8221;60&#8243; css_animation=&#8221;&#8221;][vc_column][vc_column_text]<\/p>\n<p>[\/vc_column_text][\/vc_column][\/vc_row]<\/p>\n<\/div>","protected":false},"excerpt":{"rendered":"<p>[vc_row row_type=&#8221;row&#8221; use_row_as_full_screen_section=&#8221;no&#8221; type=&#8221;full_width&#8221; text_align=&#8221;left&#8221; background_animation=&#8221;none&#8221; padding_top=&#8221;100&#8243; padding_bottom=&#8221;20&#8243; css_animation=&#8221;&#8221;][vc_column][vc_column_text css=&#8221;&#8221;] Latvijsko siva [\/vc_column_text][\/vc_column][\/vc_row][vc_row row_type=&#8221;row&#8221; use_row_as_full_screen_section=&#8221;no&#8221; type=&#8221;full_width&#8221; text_align=&#8221;left&#8221; background_animation=&#8221;none&#8221; css_animation=&#8221;&#8221;][vc_column width=&#8221;1\/2&#8243;][vc_column_text css=&#8221;&#8221;]\u00bb[Latvijci] za opisovanje drug drugega pogosto uporabljamo epitet sivo latvijski. Ta besedna zveza ima negativno konotacijo, da naj bi bili Latvijci dolgo\u010dasni, nezanimivi in brez&#8230;<\/p>\n","protected":false},"author":1,"featured_media":1200,"parent":0,"menu_order":0,"comment_status":"closed","ping_status":"closed","template":"","meta":{"footnotes":""},"class_list":["post-1407","page","type-page","status-publish","has-post-thumbnail","hentry"],"_links":{"self":[{"href":"https:\/\/www.agatelielpetere.com\/sl\/wp-json\/wp\/v2\/pages\/1407","targetHints":{"allow":["GET"]}}],"collection":[{"href":"https:\/\/www.agatelielpetere.com\/sl\/wp-json\/wp\/v2\/pages"}],"about":[{"href":"https:\/\/www.agatelielpetere.com\/sl\/wp-json\/wp\/v2\/types\/page"}],"author":[{"embeddable":true,"href":"https:\/\/www.agatelielpetere.com\/sl\/wp-json\/wp\/v2\/users\/1"}],"replies":[{"embeddable":true,"href":"https:\/\/www.agatelielpetere.com\/sl\/wp-json\/wp\/v2\/comments?post=1407"}],"version-history":[{"count":3,"href":"https:\/\/www.agatelielpetere.com\/sl\/wp-json\/wp\/v2\/pages\/1407\/revisions"}],"predecessor-version":[{"id":1410,"href":"https:\/\/www.agatelielpetere.com\/sl\/wp-json\/wp\/v2\/pages\/1407\/revisions\/1410"}],"wp:featuredmedia":[{"embeddable":true,"href":"https:\/\/www.agatelielpetere.com\/sl\/wp-json\/wp\/v2\/media\/1200"}],"wp:attachment":[{"href":"https:\/\/www.agatelielpetere.com\/sl\/wp-json\/wp\/v2\/media?parent=1407"}],"curies":[{"name":"wp","href":"https:\/\/api.w.org\/{rel}","templated":true}]}}